{"id":900,"date":"2016-02-11T13:03:41","date_gmt":"2016-02-11T12:03:41","guid":{"rendered":"http:\/\/www.nicolaprobst.com\/?page_id=900"},"modified":"2023-09-27T14:46:42","modified_gmt":"2023-09-27T12:46:42","slug":"sostenibilita","status":"publish","type":"page","link":"https:\/\/www.nicolaprobst.com\/en\/sostenibilita\/","title":{"rendered":"Sostenibilit\u00e0"},"content":{"rendered":"<p>[vc_row cth_layout=&#8221;row_sec_container&#8221; el_class=&#8221;no-padding no-border&#8221;][vc_column][vc_column_text el_class=&#8221;page-title no-border&#8221;]<\/p>\n<h2>Sustainability<\/h2>\n<p>[\/vc_column_text][\/vc_column][\/vc_row][vc_row cth_layout=&#8221;row_sec_container&#8221; el_class=&#8221;no-border&#8221; css=&#8221;.vc_custom_1455636489955{padding-bottom: 0px !important;}&#8221;][vc_column][vc_single_image image=&#8221;1864&#8243; img_size=&#8221;full&#8221;][\/vc_column][\/vc_row][vc_row cth_layout=&#8221;row_sec_container&#8221;][vc_column][vc_column_text el_class=&#8221;sostenibilita&#8221;]<\/p>\n<h2 style=\"text-align: left;\">Sino-Swiss Workshop for Sustainable Architecture<\/h2>\n<p>[\/vc_column_text][\/vc_column][\/vc_row][vc_row cth_layout=&#8221;row_sec_container&#8221; el_class=&#8221;no-border&#8221; css=&#8221;.vc_custom_1455636489955{padding-bottom: 0px !important;}&#8221;][vc_column][vc_single_image image=&#8221;1748&#8243; img_size=&#8221;full&#8221;][\/vc_column][\/vc_row][vc_row cth_layout=&#8221;row_sec_container&#8221;][vc_column][vc_column_text el_class=&#8221;sostenibilita&#8221;]<\/p>\n<h2 style=\"text-align: left;\"><b>Certificazione Minergie<\/b><\/h2>\n<p style=\"text-align: left;\">laRegione 13.03.2018<\/p>\n<p>[\/vc_column_text][\/vc_column][\/vc_row][vc_row cth_layout=&#8221;row_sec_container&#8221; el_class=&#8221;no-border&#8221; css=&#8221;.vc_custom_1455636489955{padding-bottom: 0px !important;}&#8221;][vc_column][vc_single_image image=&#8221;1375&#8243; img_size=&#8221;full&#8221;][\/vc_column][\/vc_row][vc_row cth_layout=&#8221;row_sec_container&#8221;][vc_column][vc_column_text el_class=&#8221;sostenibilita&#8221;]<\/p>\n<h2 style=\"text-align: left;\"><b>La sostenibilit\u00e0 nell&#8217;architettura<\/b><\/h2>\n<p style=\"text-align: left;\"><a href=\"https:\/\/www.espazium.ch\/la-sostenibilita-nellarchitettura\" target=\"_blank\" rel=\"noopener noreferrer\">Conferenza di <span style=\"font-size: medium;\">Muck Petzet<\/span><\/a><\/p>\n<p>[\/vc_column_text][\/vc_column][\/vc_row][vc_row cth_layout=&#8221;row_sec_container&#8221; el_class=&#8221;no-border&#8221; css=&#8221;.vc_custom_1455636512382{padding-bottom: 0px !important;}&#8221;][vc_column][vc_single_image image=&#8221;1374&#8243; img_size=&#8221;full&#8221;][\/vc_column][\/vc_row][vc_row cth_layout=&#8221;row_sec_container&#8221;][vc_column][vc_column_text el_class=&#8221;sostenibilita&#8221;]<\/p>\n<h2 style=\"text-align: left;\"><b>I falsi miti dell\u2019architettura sostenibile<\/b><\/h2>\n<p style=\"text-align: left;\">Emanuele Naboni, Elena Magarotto<\/p>\n<p style=\"text-align: left;\"><a href=\"http:\/\/www.architetticercasi.eu\/c\/37\" target=\"_blank\" rel=\"noopener noreferrer\"><span style=\"font-size: medium;\">http:\/\/www.architetticercasi.eu\/c\/37<\/span><\/a><\/p>\n<p>[\/vc_column_text][\/vc_column][\/vc_row][vc_row cth_layout=&#8221;row_sec_container&#8221; el_class=&#8221;no-border&#8221; css=&#8221;.vc_custom_1455636537144{padding-bottom: 0px !important;}&#8221;][vc_column][vc_single_image image=&#8221;1519&#8243; img_size=&#8221;full&#8221;][\/vc_column][\/vc_row][vc_row cth_layout=&#8221;row_sec_container&#8221;][vc_column][vc_column_text el_class=&#8221;sostenibilita&#8221;]<\/p>\n<h2 style=\"text-align: left;\"><b>Sostenibilit\u00e0 come urbanit\u00e0: un pamphlet sulla densit\u00e0 abitativa<\/b><\/h2>\n<p style=\"text-align: left;\">Miguel Loos<\/p>\n<p style=\"text-align: left;\"><a href=\"http:\/\/www.architetticercasi.eu\/c\/39\" target=\"_blank\" rel=\"noopener noreferrer\"><span style=\"font-size: medium;\">http:\/\/www.architetticercasi.eu\/c\/39<\/span><\/a><\/p>\n<p>[\/vc_column_text][\/vc_column][\/vc_row][vc_row cth_layout=&#8221;row_sec_container&#8221; el_class=&#8221;no-border&#8221; css=&#8221;.vc_custom_1455636558568{padding-bottom: 0px !important;}&#8221;][vc_column][vc_single_image image=&#8221;1376&#8243; img_size=&#8221;full&#8221;][\/vc_column][\/vc_row][vc_row cth_layout=&#8221;row_sec_container&#8221;][vc_column][vc_column_text el_class=&#8221;sostenibilita&#8221;]<\/p>\n<h2 style=\"text-align: left;\">L\u2019idea di sostenibilit\u00e0 in architettura<\/h2>\n<h3 style=\"text-align: left;\"><b>Natura, tecnologia, democratizzazione<br \/>\nAuto &#8211; definizioni architettoniche<\/b><\/h3>\n<p style=\"text-align: left;\">Michela Penna<\/p>\n<p style=\"text-align: left;\"><a href=\"http:\/\/areeweb.polito.it\/didattica\/dottoratoprogettazione\/wp-content\/uploads\/2012\/11\/Michela-Penna.pdf\" target=\"_blank\" rel=\"noopener noreferrer\"><span style=\"font-size: medium;\">http:\/\/areeweb.polito.it\/didattica\/dottoratoprogettazione\/wp-content\/uploads\/2012\/11\/Michela-Penna.pdf<\/span><\/a><\/p>\n<p>[\/vc_column_text][\/vc_column][\/vc_row]<\/p>","protected":false},"excerpt":{"rendered":"<p>[vc_row cth_layout=&#8221;row_sec_container&#8221; el_class=&#8221;no-padding no-border&#8221;][vc_column][vc_column_text el_class=&#8221;page-title no-border&#8221;] Sustainability [\/vc_column_text][\/vc_column][\/vc_row][vc_row cth_layout=&#8221;row_sec_container&#8221; el_class=&#8221;no-border&#8221; css=&#8221;.vc_custom_1455636489955{padding-bottom: 0px !important;}&#8221;][vc_column][vc_single_image image=&#8221;1864&#8243; img_size=&#8221;full&#8221;][\/vc_column][\/vc_row][vc_row cth_layout=&#8221;row_sec_container&#8221;][vc_column][vc_column_text el_class=&#8221;sostenibilita&#8221;] Sino-Swiss Workshop for Sustainable Architecture [\/vc_column_text][\/vc_column][\/vc_row][vc_row cth_layout=&#8221;row_sec_container&#8221; el_class=&#8221;no-border&#8221; css=&#8221;.vc_custom_1455636489955{padding-bottom: 0px !important;}&#8221;][vc_column][vc_single_image image=&#8221;1748&#8243; img_size=&#8221;full&#8221;][\/vc_column][\/vc_row][vc_row cth_layout=&#8221;row_sec_container&#8221;][vc_column][vc_column_text el_class=&#8221;sostenibilita&#8221;] Certificazione Minergie laRegione 13.03.2018 [\/vc_column_text][\/vc_column][\/vc_row][vc_row cth_layout=&#8221;row_sec_container&#8221; el_class=&#8221;no-border&#8221; css=&#8221;.vc_custom_1455636489955{padding-bottom: 0px !important;}&#8221;][vc_column][vc_single_image image=&#8221;1375&#8243; img_size=&#8221;full&#8221;][\/vc_column][\/vc_row][vc_row cth_layout=&#8221;row_sec_container&#8221;][vc_column][vc_column_text el_class=&#8221;sostenibilita&#8221;] La sostenibilit\u00e0 nell&#8217;architettura Conferenza di Muck Petzet [\/vc_column_text][\/vc_column][\/vc_row][vc_row cth_layout=&#8221;row_sec_container&#8221;&#8230;<\/p>\n","protected":false},"author":1,"featured_media":0,"parent":0,"menu_order":0,"comment_status":"closed","ping_status":"closed","template":"leftpage.php","meta":{"footnotes":""},"class_list":["post-900","page","type-page","status-publish","hentry"],"yoast_head":"<!-- This site is optimized with the Yoast SEO plugin v27.1.1 - https:\/\/yoast.com\/product\/yoast-seo-wordpress\/ -->\n<title>(Italiano) Sostenibilit\u00e0 Nicola Probst Architetti studio di architettura<\/title>\n<meta name=\"description\" content=\"(Italiano) Sostenibilit\u00e0 Nicola Probst Architetti studio di architettura\" \/>\n<meta name=\"robots\" content=\"index, follow, max-snippet:-1, max-image-preview:large, max-video-preview:-1\" \/>\n<link rel=\"canonical\" href=\"https:\/\/www.nicolaprobst.com\/sostenibilita\/\" \/>\n<meta property=\"og:locale\" content=\"en_US\" \/>\n<meta property=\"og:type\" content=\"article\" \/>\n<meta property=\"og:title\" content=\"[:it]Sostenibilit\u00e0 Nicola Probst Architetti studio di architettura [:]\" \/>\n<meta property=\"og:description\" content=\"{:it}Sostenibilit\u00e0 Nicola Probst Architetti studio di architettura {:}\" \/>\n<meta property=\"og:url\" content=\"https:\/\/www.nicolaprobst.com\/sostenibilita\/\" \/>\n<meta property=\"og:site_name\" content=\"NICOLA PROBST ARCHITETTI\" \/>\n<meta property=\"article:modified_time\" content=\"2023-09-27T12:46:42+00:00\" \/>\n<meta name=\"twitter:card\" content=\"summary_large_image\" \/>\n<meta name=\"twitter:label1\" content=\"Est. reading time\" \/>\n\t<meta name=\"twitter:data1\" content=\"5 minutes\" \/>\n<script type=\"application\/ld+json\" class=\"yoast-schema-graph\">{\"@context\":\"https:\/\/schema.org\",\"@graph\":[{\"@type\":\"WebPage\",\"@id\":\"https:\/\/www.nicolaprobst.com\/sostenibilita\/\",\"url\":\"https:\/\/www.nicolaprobst.com\/sostenibilita\/\",\"name\":\"[:it]Sostenibilit\u00e0 Nicola Probst Architetti studio di architettura [:]\",\"isPartOf\":{\"@id\":\"https:\/\/www.nicolaprobst.com\/#website\"},\"datePublished\":\"2016-02-11T12:03:41+00:00\",\"dateModified\":\"2023-09-27T12:46:42+00:00\",\"description\":\"{:it}Sostenibilit\u00e0 Nicola Probst Architetti studio di architettura {:}\",\"inLanguage\":\"en-US\",\"potentialAction\":[{\"@type\":\"ReadAction\",\"target\":[\"https:\/\/www.nicolaprobst.com\/sostenibilita\/\"]}]},{\"@type\":\"WebSite\",\"@id\":\"https:\/\/www.nicolaprobst.com\/#website\",\"url\":\"https:\/\/www.nicolaprobst.com\/\",\"name\":\"NICOLA PROBST ARCHITETTI\",\"description\":\"\",\"potentialAction\":[{\"@type\":\"SearchAction\",\"target\":{\"@type\":\"EntryPoint\",\"urlTemplate\":\"https:\/\/www.nicolaprobst.com\/?s={search_term_string}\"},\"query-input\":{\"@type\":\"PropertyValueSpecification\",\"valueRequired\":true,\"valueName\":\"search_term_string\"}}],\"inLanguage\":\"en-US\"}]}<\/script>\n<!-- \/ Yoast SEO plugin. -->","yoast_head_json":{"title":"(Italiano) Sostenibilit\u00e0 Nicola Probst Architetti studio di architettura","description":"(Italiano) Sostenibilit\u00e0 Nicola Probst Architetti studio di architettura","robots":{"index":"index","follow":"follow","max-snippet":"max-snippet:-1","max-image-preview":"max-image-preview:large","max-video-preview":"max-video-preview:-1"},"canonical":"https:\/\/www.nicolaprobst.com\/sostenibilita\/","og_locale":"en_US","og_type":"article","og_title":"[:it]Sostenibilit\u00e0 Nicola Probst Architetti studio di architettura [:]","og_description":"{:it}Sostenibilit\u00e0 Nicola Probst Architetti studio di architettura {:}","og_url":"https:\/\/www.nicolaprobst.com\/sostenibilita\/","og_site_name":"NICOLA PROBST ARCHITETTI","article_modified_time":"2023-09-27T12:46:42+00:00","twitter_card":"summary_large_image","twitter_misc":{"Est. reading time":"5 minutes"},"schema":{"@context":"https:\/\/schema.org","@graph":[{"@type":"WebPage","@id":"https:\/\/www.nicolaprobst.com\/sostenibilita\/","url":"https:\/\/www.nicolaprobst.com\/sostenibilita\/","name":"[:it]Sostenibilit\u00e0 Nicola Probst Architetti studio di architettura [:]","isPartOf":{"@id":"https:\/\/www.nicolaprobst.com\/#website"},"datePublished":"2016-02-11T12:03:41+00:00","dateModified":"2023-09-27T12:46:42+00:00","description":"{:it}Sostenibilit\u00e0 Nicola Probst Architetti studio di architettura {:}","inLanguage":"en-US","potentialAction":[{"@type":"ReadAction","target":["https:\/\/www.nicolaprobst.com\/sostenibilita\/"]}]},{"@type":"WebSite","@id":"https:\/\/www.nicolaprobst.com\/#website","url":"https:\/\/www.nicolaprobst.com\/","name":"NICOLA PROBST ARCHITETTI","description":"","potentialAction":[{"@type":"SearchAction","target":{"@type":"EntryPoint","urlTemplate":"https:\/\/www.nicolaprobst.com\/?s={search_term_string}"},"query-input":{"@type":"PropertyValueSpecification","valueRequired":true,"valueName":"search_term_string"}}],"inLanguage":"en-US"}]}},"_links":{"self":[{"href":"https:\/\/www.nicolaprobst.com\/en\/wp-json\/wp\/v2\/pages\/900","targetHints":{"allow":["GET"]}}],"collection":[{"href":"https:\/\/www.nicolaprobst.com\/en\/wp-json\/wp\/v2\/pages"}],"about":[{"href":"https:\/\/www.nicolaprobst.com\/en\/wp-json\/wp\/v2\/types\/page"}],"author":[{"embeddable":true,"href":"https:\/\/www.nicolaprobst.com\/en\/wp-json\/wp\/v2\/users\/1"}],"replies":[{"embeddable":true,"href":"https:\/\/www.nicolaprobst.com\/en\/wp-json\/wp\/v2\/comments?post=900"}],"version-history":[{"count":63,"href":"https:\/\/www.nicolaprobst.com\/en\/wp-json\/wp\/v2\/pages\/900\/revisions"}],"predecessor-version":[{"id":2401,"href":"https:\/\/www.nicolaprobst.com\/en\/wp-json\/wp\/v2\/pages\/900\/revisions\/2401"}],"wp:attachment":[{"href":"https:\/\/www.nicolaprobst.com\/en\/wp-json\/wp\/v2\/media?parent=900"}],"curies":[{"name":"wp","href":"https:\/\/api.w.org\/{rel}","templated":true}]}}